{"id":8662,"date":"2024-07-16T20:00:36","date_gmt":"2024-07-16T18:00:36","guid":{"rendered":"https:\/\/boamusica.com\/?page_id=8662"},"modified":"2026-03-03T16:35:42","modified_gmt":"2026-03-03T15:35:42","slug":"aviso-legal","status":"publish","type":"page","link":"https:\/\/boamusica.com\/MX\/aviso-legal\/","title":{"rendered":"Aviso Legal"},"content":{"rendered":"\t\t<div data-elementor-type=\"wp-page\" data-elementor-id=\"8662\" class=\"elementor elementor-8662 elementor-3838\" data-elementor-post-type=\"page\">\n\t\t\t\t<div class=\"elementor-element elementor-element-4fdc1f81 e-flex e-con-boxed e-con e-parent\" data-id=\"4fdc1f81\" data-element_type=\"container\" data-e-type=\"container\">\n\t\t\t\t\t<div class=\"e-con-inner\">\n\t\t\t\t<div class=\"elementor-element elementor-element-d400ea7 elementor-invisible elementor-widget elementor-widget-heading\" data-id=\"d400ea7\" data-element_type=\"widget\" data-e-type=\"widget\" data-settings=\"{&quot;_animation&quot;:&quot;fadeInUp&quot;}\" data-widget_type=\"heading.default\">\n\t\t\t\t<div class=\"elementor-widget-container\">\n\t\t\t\t\t<h2 class=\"elementor-heading-title elementor-size-default\">Aviso Legal<\/h2>\t\t\t\t<\/div>\n\t\t\t\t<\/div>\n\t\t\t\t<div class=\"elementor-element elementor-element-145e3c47 elementor-invisible elementor-widget elementor-widget-text-editor\" data-id=\"145e3c47\" data-element_type=\"widget\" data-e-type=\"widget\" data-settings=\"{&quot;_animation&quot;:&quot;fadeIn&quot;,&quot;_animation_delay&quot;:200}\" data-widget_type=\"text-editor.default\">\n\t\t\t\t<div class=\"elementor-widget-container\">\n\t\t\t\t\t\t\t\t\t<p>Identificaci\u00f3n del titular de la Web<\/p><p>En cumplimiento de lo dispuesto en el art\u00edculo 10 de la Ley 34\/2002, de 11 de julio, de servicios de la sociedad de la informaci\u00f3n y de comercio electr\u00f3nico, se indica que BOA M\u00daSICA EUROPA S.L., con CIF B-87854824, titular del sitio Web www.boamusica.com, est\u00e1 inscrita en el Registro Mercantil de Madrid Tomo 36095, Folio 72, Secci\u00f3n 1\u00aa, Hoja M-648553, y tiene domicilio social en Calle Hierro, 33, 28045 Madrid.<\/p><p>La finalidad del presente texto es recoger los principales servicios y funcionalidades de la p\u00e1gina, as\u00ed como sus Condiciones Generales de Uso y acceso al sitio Web. Asimismo, se informa que el Aviso Legal y Condiciones Generales de Uso pueden ser modificadas en todo o parte por su titular, por lo que se recomienda una revisi\u00f3n peri\u00f3dica de las mismas. Si tienes alguna cuesti\u00f3n, puedes comunicarte con nosotros, remitiendo un correo electr\u00f3nico a legal@boamusica.com.<\/p>\t\t\t\t\t\t\t\t<\/div>\n\t\t\t\t<\/div>\n\t\t\t\t\t<\/div>\n\t\t\t\t<\/div>\n\t\t\t\t<\/div>\n\t\t","protected":false},"excerpt":{"rendered":"<p>Identificaci\u00f3n del titular de la Web En cumplimiento de lo dispuesto en el art\u00edculo 10 de la Ley 34\/2002, de 11 de julio, de servicios de la sociedad de la informaci\u00f3n y de comercio electr\u00f3nico, se indica que BOA M\u00daSICA EUROPA S.L., con CIF B-87854824, titular del sitio Web www.boamusica.com, est\u00e1 inscrita en el Registro [&hellip;]<\/p>\n","protected":false},"author":2,"featured_media":0,"parent":0,"menu_order":0,"comment_status":"closed","ping_status":"closed","template":"","meta":{"_acf_changed":false,"footnotes":""},"class_list":["post-8662","page","type-page","status-publish","hentry"],"acf":[],"yoast_head":"<!-- This site is optimized with the Yoast SEO plugin v27.4 - https:\/\/yoast.com\/product\/yoast-seo-wordpress\/ -->\n<title>Aviso Legal - Boa M\u00fasica<\/title>\n<meta name=\"robots\" content=\"index, follow, max-snippet:-1, max-image-preview:large, max-video-preview:-1\" \/>\n<link rel=\"canonical\" href=\"https:\/\/boamusica.com\/MX\/aviso-legal\/\" \/>\n<meta property=\"og:locale\" content=\"es_MX\" \/>\n<meta property=\"og:type\" content=\"article\" \/>\n<meta property=\"og:title\" content=\"Aviso Legal - Boa M\u00fasica\" \/>\n<meta property=\"og:description\" content=\"Identificaci\u00f3n del titular de la Web En cumplimiento de lo dispuesto en el art\u00edculo 10 de la Ley 34\/2002, de 11 de julio, de servicios de la sociedad de la informaci\u00f3n y de comercio electr\u00f3nico, se indica que BOA M\u00daSICA EUROPA S.L., con CIF B-87854824, titular del sitio Web www.boamusica.com, est\u00e1 inscrita en el Registro [&hellip;]\" \/>\n<meta property=\"og:url\" content=\"https:\/\/boamusica.com\/MX\/aviso-legal\/\" \/>\n<meta property=\"og:site_name\" content=\"Boa M\u00fasica\" \/>\n<meta property=\"article:modified_time\" content=\"2026-03-03T15:35:42+00:00\" \/>\n<meta name=\"twitter:card\" content=\"summary_large_image\" \/>\n<script type=\"application\/ld+json\" class=\"yoast-schema-graph\">{\"@context\":\"https:\\\/\\\/schema.org\",\"@graph\":[{\"@type\":\"WebPage\",\"@id\":\"https:\\\/\\\/boamusica.com\\\/MX\\\/aviso-legal\\\/\",\"url\":\"https:\\\/\\\/boamusica.com\\\/MX\\\/aviso-legal\\\/\",\"name\":\"Aviso Legal - Boa M\u00fasica\",\"isPartOf\":{\"@id\":\"https:\\\/\\\/boamusica.com\\\/#website\"},\"datePublished\":\"2024-07-16T18:00:36+00:00\",\"dateModified\":\"2026-03-03T15:35:42+00:00\",\"breadcrumb\":{\"@id\":\"https:\\\/\\\/boamusica.com\\\/MX\\\/aviso-legal\\\/#breadcrumb\"},\"inLanguage\":\"es-MX\",\"potentialAction\":[{\"@type\":\"ReadAction\",\"target\":[\"https:\\\/\\\/boamusica.com\\\/MX\\\/aviso-legal\\\/\"]}]},{\"@type\":\"BreadcrumbList\",\"@id\":\"https:\\\/\\\/boamusica.com\\\/MX\\\/aviso-legal\\\/#breadcrumb\",\"itemListElement\":[{\"@type\":\"ListItem\",\"position\":1,\"name\":\"Portada\",\"item\":\"https:\\\/\\\/boamusica.com\\\/MX\\\/\"},{\"@type\":\"ListItem\",\"position\":2,\"name\":\"Aviso Legal\"}]},{\"@type\":\"WebSite\",\"@id\":\"https:\\\/\\\/boamusica.com\\\/#website\",\"url\":\"https:\\\/\\\/boamusica.com\\\/\",\"name\":\"Boa M\u00fasica\",\"description\":\"Un proyecto editorial \u00e9tico y centrado en las personas. Gestionamos derechos de autor de forma integral.\",\"publisher\":{\"@id\":\"https:\\\/\\\/boamusica.com\\\/#organization\"},\"potentialAction\":[{\"@type\":\"SearchAction\",\"target\":{\"@type\":\"EntryPoint\",\"urlTemplate\":\"https:\\\/\\\/boamusica.com\\\/?s={search_term_string}\"},\"query-input\":{\"@type\":\"PropertyValueSpecification\",\"valueRequired\":true,\"valueName\":\"search_term_string\"}}],\"inLanguage\":\"es-MX\"},{\"@type\":\"Organization\",\"@id\":\"https:\\\/\\\/boamusica.com\\\/#organization\",\"name\":\"Boa M\u00fasica\",\"url\":\"https:\\\/\\\/boamusica.com\\\/\",\"logo\":{\"@type\":\"ImageObject\",\"inLanguage\":\"es-MX\",\"@id\":\"https:\\\/\\\/boamusica.com\\\/#\\\/schema\\\/logo\\\/image\\\/\",\"url\":\"https:\\\/\\\/boamusica.com\\\/wp-content\\\/uploads\\\/2024\\\/05\\\/logo-boa-musica.webp\",\"contentUrl\":\"https:\\\/\\\/boamusica.com\\\/wp-content\\\/uploads\\\/2024\\\/05\\\/logo-boa-musica.webp\",\"width\":398,\"height\":198,\"caption\":\"Boa M\u00fasica\"},\"image\":{\"@id\":\"https:\\\/\\\/boamusica.com\\\/#\\\/schema\\\/logo\\\/image\\\/\"}}]}<\/script>\n<!-- \/ Yoast SEO plugin. -->","yoast_head_json":{"title":"Aviso Legal - Boa M\u00fasica","robots":{"index":"index","follow":"follow","max-snippet":"max-snippet:-1","max-image-preview":"max-image-preview:large","max-video-preview":"max-video-preview:-1"},"canonical":"https:\/\/boamusica.com\/MX\/aviso-legal\/","og_locale":"es_MX","og_type":"article","og_title":"Aviso Legal - Boa M\u00fasica","og_description":"Identificaci\u00f3n del titular de la Web En cumplimiento de lo dispuesto en el art\u00edculo 10 de la Ley 34\/2002, de 11 de julio, de servicios de la sociedad de la informaci\u00f3n y de comercio electr\u00f3nico, se indica que BOA M\u00daSICA EUROPA S.L., con CIF B-87854824, titular del sitio Web www.boamusica.com, est\u00e1 inscrita en el Registro [&hellip;]","og_url":"https:\/\/boamusica.com\/MX\/aviso-legal\/","og_site_name":"Boa M\u00fasica","article_modified_time":"2026-03-03T15:35:42+00:00","twitter_card":"summary_large_image","schema":{"@context":"https:\/\/schema.org","@graph":[{"@type":"WebPage","@id":"https:\/\/boamusica.com\/MX\/aviso-legal\/","url":"https:\/\/boamusica.com\/MX\/aviso-legal\/","name":"Aviso Legal - Boa M\u00fasica","isPartOf":{"@id":"https:\/\/boamusica.com\/#website"},"datePublished":"2024-07-16T18:00:36+00:00","dateModified":"2026-03-03T15:35:42+00:00","breadcrumb":{"@id":"https:\/\/boamusica.com\/MX\/aviso-legal\/#breadcrumb"},"inLanguage":"es-MX","potentialAction":[{"@type":"ReadAction","target":["https:\/\/boamusica.com\/MX\/aviso-legal\/"]}]},{"@type":"BreadcrumbList","@id":"https:\/\/boamusica.com\/MX\/aviso-legal\/#breadcrumb","itemListElement":[{"@type":"ListItem","position":1,"name":"Portada","item":"https:\/\/boamusica.com\/MX\/"},{"@type":"ListItem","position":2,"name":"Aviso Legal"}]},{"@type":"WebSite","@id":"https:\/\/boamusica.com\/#website","url":"https:\/\/boamusica.com\/","name":"Boa M\u00fasica","description":"Un proyecto editorial \u00e9tico y centrado en las personas. Gestionamos derechos de autor de forma integral.","publisher":{"@id":"https:\/\/boamusica.com\/#organization"},"potentialAction":[{"@type":"SearchAction","target":{"@type":"EntryPoint","urlTemplate":"https:\/\/boamusica.com\/?s={search_term_string}"},"query-input":{"@type":"PropertyValueSpecification","valueRequired":true,"valueName":"search_term_string"}}],"inLanguage":"es-MX"},{"@type":"Organization","@id":"https:\/\/boamusica.com\/#organization","name":"Boa M\u00fasica","url":"https:\/\/boamusica.com\/","logo":{"@type":"ImageObject","inLanguage":"es-MX","@id":"https:\/\/boamusica.com\/#\/schema\/logo\/image\/","url":"https:\/\/boamusica.com\/wp-content\/uploads\/2024\/05\/logo-boa-musica.webp","contentUrl":"https:\/\/boamusica.com\/wp-content\/uploads\/2024\/05\/logo-boa-musica.webp","width":398,"height":198,"caption":"Boa M\u00fasica"},"image":{"@id":"https:\/\/boamusica.com\/#\/schema\/logo\/image\/"}}]}},"_links":{"self":[{"href":"https:\/\/boamusica.com\/MX\/wp-json\/wp\/v2\/pages\/8662","targetHints":{"allow":["GET"]}}],"collection":[{"href":"https:\/\/boamusica.com\/MX\/wp-json\/wp\/v2\/pages"}],"about":[{"href":"https:\/\/boamusica.com\/MX\/wp-json\/wp\/v2\/types\/page"}],"author":[{"embeddable":true,"href":"https:\/\/boamusica.com\/MX\/wp-json\/wp\/v2\/users\/2"}],"replies":[{"embeddable":true,"href":"https:\/\/boamusica.com\/MX\/wp-json\/wp\/v2\/comments?post=8662"}],"version-history":[{"count":1,"href":"https:\/\/boamusica.com\/MX\/wp-json\/wp\/v2\/pages\/8662\/revisions"}],"predecessor-version":[{"id":8672,"href":"https:\/\/boamusica.com\/MX\/wp-json\/wp\/v2\/pages\/8662\/revisions\/8672"}],"wp:attachment":[{"href":"https:\/\/boamusica.com\/MX\/wp-json\/wp\/v2\/media?parent=8662"}],"curies":[{"name":"wp","href":"https:\/\/api.w.org\/{rel}","templated":true}]}}