{"id":8664,"date":"2024-12-11T15:58:35","date_gmt":"2024-12-11T14:58:35","guid":{"rendered":"https:\/\/boamusica.com\/?page_id=8664"},"modified":"2026-03-03T16:35:49","modified_gmt":"2026-03-03T15:35:49","slug":"estudios","status":"publish","type":"page","link":"https:\/\/boamusica.com\/MX\/estudios\/","title":{"rendered":"Estudios"},"content":{"rendered":"\t\t<div data-elementor-type=\"wp-page\" data-elementor-id=\"8664\" class=\"elementor elementor-8664 elementor-5279\" data-elementor-post-type=\"page\">\n\t\t\t\t<div class=\"elementor-element elementor-element-9c2211a e-flex e-con-boxed e-con e-parent\" data-id=\"9c2211a\" data-element_type=\"container\" data-e-type=\"container\">\n\t\t\t\t\t<div class=\"e-con-inner\">\n\t\t<div class=\"elementor-element elementor-element-4ea925e e-flex e-con-boxed e-con e-child\" data-id=\"4ea925e\" data-element_type=\"container\" data-e-type=\"container\">\n\t\t\t\t\t<div class=\"e-con-inner\">\n\t\t\t\t<div class=\"elementor-element elementor-element-d27e340 elementor-invisible elementor-widget elementor-widget-heading\" data-id=\"d27e340\" data-element_type=\"widget\" data-e-type=\"widget\" data-settings=\"{&quot;_animation&quot;:&quot;fadeInUp&quot;}\" data-widget_type=\"heading.default\">\n\t\t\t\t<div class=\"elementor-widget-container\">\n\t\t\t\t\t<h1 class=\"elementor-heading-title elementor-size-default\">Estudios Boa M\u00fasica<\/h1>\t\t\t\t<\/div>\n\t\t\t\t<\/div>\n\t\t\t\t<div class=\"elementor-element elementor-element-ae09e86 elementor-widget__width-initial elementor-widget-mobile__width-inherit elementor-invisible elementor-widget elementor-widget-heading\" data-id=\"ae09e86\" data-element_type=\"widget\" data-e-type=\"widget\" data-settings=\"{&quot;_animation&quot;:&quot;fadeInUp&quot;,&quot;_animation_delay&quot;:100}\" data-widget_type=\"heading.default\">\n\t\t\t\t<div class=\"elementor-widget-container\">\n\t\t\t\t\t<h1 class=\"elementor-heading-title elementor-size-default\">Un elemento esencial de nuestra propuesta creativa<\/h1>\t\t\t\t<\/div>\n\t\t\t\t<\/div>\n\t\t\t\t<div class=\"elementor-element elementor-element-19c8b12 elementor-align-left elementor-mobile-align-left elementor-invisible elementor-widget elementor-widget-button\" data-id=\"19c8b12\" data-element_type=\"widget\" data-e-type=\"widget\" data-settings=\"{&quot;_animation&quot;:&quot;fadeInUp&quot;,&quot;_animation_delay&quot;:300}\" data-widget_type=\"button.default\">\n\t\t\t\t<div class=\"elementor-widget-container\">\n\t\t\t\t\t\t\t\t\t<div class=\"elementor-button-wrapper\">\n\t\t\t\t\t<a class=\"elementor-button elementor-button-link elementor-size-sm\" href=\"mailto:info@boamusica.com\">\n\t\t\t\t\t\t<span class=\"elementor-button-content-wrapper\">\n\t\t\t\t\t\t\t\t\t<span class=\"elementor-button-text\">Contacto<\/span>\n\t\t\t\t\t<\/span>\n\t\t\t\t\t<\/a>\n\t\t\t\t<\/div>\n\t\t\t\t\t\t\t\t<\/div>\n\t\t\t\t<\/div>\n\t\t\t\t<div class=\"elementor-element elementor-element-2623dcb sincrop elementor-invisible elementor-widget elementor-widget-text-editor\" data-id=\"2623dcb\" data-element_type=\"widget\" data-e-type=\"widget\" data-settings=\"{&quot;_animation&quot;:&quot;fadeInUp&quot;,&quot;_animation_delay&quot;:200}\" data-widget_type=\"text-editor.default\">\n\t\t\t\t<div class=\"elementor-widget-container\">\n\t\t\t\t\t\t\t\t\t<p>Las oficinas de Boa M\u00fasica Brasil cuentan con un estudio de grabaci\u00f3n y escucha propio desde junio de 2023. Hemos proyectado un espacio similar en Madrid, que tambi\u00e9n ser\u00e1 fundamental para una estructura consagrada a propiciar y promover la creatividad de autores, socios y aliados estrat\u00e9gicos.\u00a0<\/p>\t\t\t\t\t\t\t\t<\/div>\n\t\t\t\t<\/div>\n\t\t\t\t\t<\/div>\n\t\t\t\t<\/div>\n\t\t\t\t\t<\/div>\n\t\t\t\t<\/div>\n\t\t<div class=\"elementor-element elementor-element-a523506 e-flex e-con-boxed elementor-invisible e-con e-parent\" data-id=\"a523506\" data-element_type=\"container\" data-e-type=\"container\" data-settings=\"{&quot;animation&quot;:&quot;fadeInUp&quot;,&quot;animation_delay&quot;:400}\">\n\t\t\t\t\t<div class=\"e-con-inner\">\n\t\t<div class=\"elementor-element elementor-element-d4791ab e-con-full e-flex e-con e-child\" data-id=\"d4791ab\" data-element_type=\"container\" data-e-type=\"container\">\n\t\t\t\t<div class=\"elementor-element elementor-element-abdbee3 elementor-widget elementor-widget-text-editor\" data-id=\"abdbee3\" data-element_type=\"widget\" data-e-type=\"widget\" data-widget_type=\"text-editor.default\">\n\t\t\t\t<div class=\"elementor-widget-container\">\n\t\t\t\t\t\t\t\t\t<p>Inaugurado en junio de 2023, el estudio de Boa M\u00fasica Brasil es una parte esencial de nuestra estructura dedicada a la creaci\u00f3n, producci\u00f3n y apreciaci\u00f3n de la m\u00fasica brasile\u00f1a.\u00a0<\/p><p>En las oficinas de Boa M\u00fasica Europa ya se ha planificado puesta en marcha de un espacio similar, que nos permitir\u00e1, adem\u00e1s de gestionar un diverso cat\u00e1logo de compositores y artistas, podremos ofrecer un espacio que integre tecnolog\u00eda avanzada y experiencia para satisfacer las demandas de grabaci\u00f3n de nuestras autoras y nuestros autores.<\/p><p><span style=\"text-align: var(--text-align);\">En poco m\u00e1s de un a\u00f1o de existencia, un buen n\u00famero de autores de nuestro cat\u00e1logo ya han grabado singles y EPs en el Estudio Boa M\u00fasica Brasil, entre los que se encuentran Anelis Assump\u00e7\u00e3o, Jup do Bairro, Isadora Canto, Ebony e Isabella Taviani.\u00a0<\/span><\/p><p><span style=\"text-align: var(--text-align);\">Tambi\u00e9n hemos acogido a varios artistas para celebrar sesiones de escucha de sus \u00e1lbumes, como actividad estrat\u00e9gica de apoyo a sus lanzamientos y siempre creando experiencias muy fruct\u00edferas, ya que, adem\u00e1s de presentar el \u00e1lbum en s\u00ed, nuestros invitados suelen aprovechar la oportunidad para compartir un poco de su proceso creativo con todos los presentes y, detallando sus inspiraciones y sus intenciones, en un ambiente relajado y acogedor. Ya han pasado por nuestro estudio en San Paulo artistas tan relevantes como Liniker, con \u00abCaju\u00bb; Rashid, con \u00abPortal\u00bb; y Sued Nunes, con \u00abSegunda-Feira\u00bb.<br \/><\/span><\/p><p><span style=\"text-align: var(--text-align);\">El espacio tambi\u00e9n ofrece la posibilidad de organizar grandes eventos. Ejemplo de ello fue una Happy Hour, organizada con Netflix, que tuvo lugar a principios de 2024. En esa ocasi\u00f3n, se present\u00f3 el cat\u00e1logo de Boa M\u00fasica Brasil y nuestros socios de Netflix eligieron cinco nombres (tres autoras y un d\u00fao de autoras) para breves sesiones musicales, en las que cada artista dispondr\u00eda de un tiempo espec\u00edfico para presentar su trabajo y hablar sobre lo que consideraba importante.\u00a0<\/span><\/p><p><span style=\"text-align: var(--text-align);\">Las artistas elegidos fueron Tasha &amp; Tracie, Marina Sena, Duda Beat y Luedji Luna. Despu\u00e9s de las sesiones, celebramos una gran fiesta en el jard\u00edn de la casa que alberga nuestras oficinas y el propio Estudio, \u00a1a la que invitamos a todos nuestros autores!<\/span><\/p><p>Otro acontecimiento notable fueron las sesiones presentadas por Jordana Leigh, programadora art\u00edstica del Lincoln Center, la m\u00edtica sala de conciertos de Nueva York (EEUU). Para estas sesiones, nuestro estudio acogi\u00f3 las actuaciones en directo de Lu\u00edsa Nascimento, Kyan, Rashid y Luedji Luna.<\/p>\t\t\t\t\t\t\t\t<\/div>\n\t\t\t\t<\/div>\n\t\t\t\t<\/div>\n\t\t\t\t\t<\/div>\n\t\t\t\t<\/div>\n\t\t<div class=\"elementor-element elementor-element-adc1af3 e-flex e-con-boxed elementor-invisible e-con e-parent\" data-id=\"adc1af3\" data-element_type=\"container\" data-e-type=\"container\" data-settings=\"{&quot;animation&quot;:&quot;fadeIn&quot;,&quot;animation_delay&quot;:200}\">\n\t\t\t\t\t<div class=\"e-con-inner\">\n\t\t\t\t<div class=\"elementor-element elementor-element-ea64e00 elementor-widget elementor-widget-gallery\" data-id=\"ea64e00\" data-element_type=\"widget\" data-e-type=\"widget\" data-settings=\"{&quot;gallery_layout&quot;:&quot;justified&quot;,&quot;ideal_row_height&quot;:{&quot;unit&quot;:&quot;px&quot;,&quot;size&quot;:480,&quot;sizes&quot;:[]},&quot;ideal_row_height_mobile&quot;:{&quot;unit&quot;:&quot;px&quot;,&quot;size&quot;:500,&quot;sizes&quot;:[]},&quot;gap&quot;:{&quot;unit&quot;:&quot;px&quot;,&quot;size&quot;:2,&quot;sizes&quot;:[]},&quot;ideal_row_height_tablet&quot;:{&quot;unit&quot;:&quot;px&quot;,&quot;size&quot;:150,&quot;sizes&quot;:[]},&quot;gap_tablet&quot;:{&quot;unit&quot;:&quot;px&quot;,&quot;size&quot;:10,&quot;sizes&quot;:[]},&quot;gap_mobile&quot;:{&quot;unit&quot;:&quot;px&quot;,&quot;size&quot;:10,&quot;sizes&quot;:[]}}\" data-widget_type=\"gallery.default\">\n\t\t\t\t<div class=\"elementor-widget-container\">\n\t\t\t\t\t\t\t<div class=\"elementor-gallery__container\">\n\t\t\t\t\t\t\t<div class=\"e-gallery-item elementor-gallery-item\">\n\t\t\t\t\t<div class=\"e-gallery-image elementor-gallery-item__image\" data-thumbnail=\"https:\/\/boamusica.com\/wp-content\/uploads\/2024\/12\/Isadora-Canto-e-equipe-gravacao-do-single-e-Menina-1-1.jpeg\" data-width=\"960\" data-height=\"1280\" aria-label=\"\" role=\"img\" ><\/div>\n\t\t\t\t\t\t\t\t\t\t\t\t\t\t<\/div>\n\t\t\t\t\t\t\t<div class=\"e-gallery-item elementor-gallery-item\">\n\t\t\t\t\t<div class=\"e-gallery-image elementor-gallery-item__image\" data-thumbnail=\"https:\/\/boamusica.com\/wp-content\/uploads\/2024\/12\/Luedji-Luna-em-listening-session-para-Netflix-1-scaled.jpg\" data-width=\"2560\" data-height=\"1707\" aria-label=\"\" role=\"img\" ><\/div>\n\t\t\t\t\t\t\t\t\t\t\t\t\t\t<\/div>\n\t\t\t\t\t\t\t<div class=\"e-gallery-item elementor-gallery-item\">\n\t\t\t\t\t<div class=\"e-gallery-image elementor-gallery-item__image\" data-thumbnail=\"https:\/\/boamusica.com\/wp-content\/uploads\/2024\/12\/Liniker-na-audicao-de-CAJU-1.jpg\" data-width=\"2048\" data-height=\"1365\" aria-label=\"\" role=\"img\" ><\/div>\n\t\t\t\t\t\t\t\t\t\t\t\t\t\t<\/div>\n\t\t\t\t\t\t\t<div class=\"e-gallery-item elementor-gallery-item\">\n\t\t\t\t\t<div class=\"e-gallery-image elementor-gallery-item__image\" data-thumbnail=\"https:\/\/boamusica.com\/wp-content\/uploads\/2024\/12\/Marina-Sena-em-listening-session-para-Netflix-1-scaled.jpg\" data-width=\"2560\" data-height=\"1707\" aria-label=\"\" role=\"img\" ><\/div>\n\t\t\t\t\t\t\t\t\t\t\t\t\t\t<\/div>\n\t\t\t\t\t\t\t<div class=\"e-gallery-item elementor-gallery-item\">\n\t\t\t\t\t<div class=\"e-gallery-image elementor-gallery-item__image\" data-thumbnail=\"https:\/\/boamusica.com\/wp-content\/uploads\/2024\/12\/Isabella-Taviani-em-gravacao-de-single-1.jpg\" data-width=\"960\" data-height=\"1280\" aria-label=\"\" role=\"img\" ><\/div>\n\t\t\t\t\t\t\t\t\t\t\t\t\t\t<\/div>\n\t\t\t\t\t\t\t<div class=\"e-gallery-item elementor-gallery-item\">\n\t\t\t\t\t<div class=\"e-gallery-image elementor-gallery-item__image\" data-thumbnail=\"https:\/\/boamusica.com\/wp-content\/uploads\/2024\/12\/Tasha-e-Tracie-em-listening-session-para-Netflix-1-scaled.jpg\" data-width=\"1707\" data-height=\"2560\" aria-label=\"\" role=\"img\" ><\/div>\n\t\t\t\t\t\t\t\t\t\t\t\t\t\t<\/div>\n\t\t\t\t\t\t\t<div class=\"e-gallery-item elementor-gallery-item\">\n\t\t\t\t\t<div class=\"e-gallery-image elementor-gallery-item__image\" data-thumbnail=\"https:\/\/boamusica.com\/wp-content\/uploads\/2024\/12\/Iuri-Rio-Branco-1.jpeg\" data-width=\"960\" data-height=\"1280\" aria-label=\"\" role=\"img\" ><\/div>\n\t\t\t\t\t\t\t\t\t\t\t\t\t\t<\/div>\n\t\t\t\t\t\t\t<div class=\"e-gallery-item elementor-gallery-item\">\n\t\t\t\t\t<div class=\"e-gallery-image elementor-gallery-item__image\" data-thumbnail=\"https:\/\/boamusica.com\/wp-content\/uploads\/2024\/12\/Duda-Beat-em-listening-session-para-Netflix-1-scaled-e1734515137789-1.jpg\" data-width=\"2080\" data-height=\"1706\" aria-label=\"\" role=\"img\" ><\/div>\n\t\t\t\t\t\t\t\t\t\t\t\t\t\t<\/div>\n\t\t\t\t\t\t\t<div class=\"e-gallery-item elementor-gallery-item\">\n\t\t\t\t\t<div class=\"e-gallery-image elementor-gallery-item__image\" data-thumbnail=\"https:\/\/boamusica.com\/wp-content\/uploads\/2024\/12\/Marcio-Arantes-e-Marina-Sena-em-gravacao-de-Ombrim-para-campanha-publicitaria-e1734519434778-1.jpeg\" data-width=\"749\" data-height=\"746\" aria-label=\"\" role=\"img\" ><\/div>\n\t\t\t\t\t\t\t\t\t\t\t\t\t\t<\/div>\n\t\t\t\t\t<\/div>\n\t\t\t\t\t<\/div>\n\t\t\t\t<\/div>\n\t\t\t\t\t<\/div>\n\t\t\t\t<\/div>\n\t\t\t\t<\/div>\n\t\t","protected":false},"excerpt":{"rendered":"<p>Estudios Boa M\u00fasica Un elemento esencial de nuestra propuesta creativa Contacto Las oficinas de Boa M\u00fasica Brasil cuentan con un estudio de grabaci\u00f3n y escucha propio desde junio de 2023. Hemos proyectado un espacio similar en Madrid, que tambi\u00e9n ser\u00e1 fundamental para una estructura consagrada a propiciar y promover la creatividad de autores, socios y [&hellip;]<\/p>\n","protected":false},"author":2,"featured_media":0,"parent":0,"menu_order":0,"comment_status":"closed","ping_status":"closed","template":"","meta":{"_acf_changed":false,"footnotes":""},"class_list":["post-8664","page","type-page","status-publish","hentry"],"acf":[],"yoast_head":"<!-- This site is optimized with the Yoast SEO plugin v27.0 - https:\/\/yoast.com\/product\/yoast-seo-wordpress\/ -->\n<title>Estudios - Boa M\u00fasica<\/title>\n<meta name=\"robots\" content=\"index, follow, max-snippet:-1, max-image-preview:large, max-video-preview:-1\" \/>\n<link rel=\"canonical\" href=\"https:\/\/boamusica.com\/MX\/estudios\/\" \/>\n<meta property=\"og:locale\" content=\"es_MX\" \/>\n<meta property=\"og:type\" content=\"article\" \/>\n<meta property=\"og:title\" content=\"Estudios - Boa M\u00fasica\" \/>\n<meta property=\"og:description\" content=\"Estudios Boa M\u00fasica Un elemento esencial de nuestra propuesta creativa Contacto Las oficinas de Boa M\u00fasica Brasil cuentan con un estudio de grabaci\u00f3n y escucha propio desde junio de 2023. Hemos proyectado un espacio similar en Madrid, que tambi\u00e9n ser\u00e1 fundamental para una estructura consagrada a propiciar y promover la creatividad de autores, socios y [&hellip;]\" \/>\n<meta property=\"og:url\" content=\"https:\/\/boamusica.com\/MX\/estudios\/\" \/>\n<meta property=\"og:site_name\" content=\"Boa M\u00fasica\" \/>\n<meta property=\"article:modified_time\" content=\"2026-03-03T15:35:49+00:00\" \/>\n<meta name=\"twitter:card\" content=\"summary_large_image\" \/>\n<script type=\"application\/ld+json\" class=\"yoast-schema-graph\">{\"@context\":\"https:\/\/schema.org\",\"@graph\":[{\"@type\":\"WebPage\",\"@id\":\"https:\/\/boamusica.com\/MX\/estudios\/\",\"url\":\"https:\/\/boamusica.com\/MX\/estudios\/\",\"name\":\"Estudios - Boa M\u00fasica\",\"isPartOf\":{\"@id\":\"https:\/\/boamusica.com\/#website\"},\"datePublished\":\"2024-12-11T14:58:35+00:00\",\"dateModified\":\"2026-03-03T15:35:49+00:00\",\"breadcrumb\":{\"@id\":\"https:\/\/boamusica.com\/MX\/estudios\/#breadcrumb\"},\"inLanguage\":\"es-MX\",\"potentialAction\":[{\"@type\":\"ReadAction\",\"target\":[\"https:\/\/boamusica.com\/MX\/estudios\/\"]}]},{\"@type\":\"BreadcrumbList\",\"@id\":\"https:\/\/boamusica.com\/MX\/estudios\/#breadcrumb\",\"itemListElement\":[{\"@type\":\"ListItem\",\"position\":1,\"name\":\"Portada\",\"item\":\"https:\/\/boamusica.com\/MX\/\"},{\"@type\":\"ListItem\",\"position\":2,\"name\":\"Estudios\"}]},{\"@type\":\"WebSite\",\"@id\":\"https:\/\/boamusica.com\/#website\",\"url\":\"https:\/\/boamusica.com\/\",\"name\":\"Boa M\u00fasica\",\"description\":\"Un proyecto editorial \u00e9tico y centrado en las personas. Gestionamos derechos de autor de forma integral.\",\"publisher\":{\"@id\":\"https:\/\/boamusica.com\/#organization\"},\"potentialAction\":[{\"@type\":\"SearchAction\",\"target\":{\"@type\":\"EntryPoint\",\"urlTemplate\":\"https:\/\/boamusica.com\/?s={search_term_string}\"},\"query-input\":{\"@type\":\"PropertyValueSpecification\",\"valueRequired\":true,\"valueName\":\"search_term_string\"}}],\"inLanguage\":\"es-MX\"},{\"@type\":\"Organization\",\"@id\":\"https:\/\/boamusica.com\/#organization\",\"name\":\"Boa M\u00fasica\",\"url\":\"https:\/\/boamusica.com\/\",\"logo\":{\"@type\":\"ImageObject\",\"inLanguage\":\"es-MX\",\"@id\":\"https:\/\/boamusica.com\/#\/schema\/logo\/image\/\",\"url\":\"https:\/\/boamusica.com\/wp-content\/uploads\/2024\/05\/logo-boa-musica.webp\",\"contentUrl\":\"https:\/\/boamusica.com\/wp-content\/uploads\/2024\/05\/logo-boa-musica.webp\",\"width\":398,\"height\":198,\"caption\":\"Boa M\u00fasica\"},\"image\":{\"@id\":\"https:\/\/boamusica.com\/#\/schema\/logo\/image\/\"}}]}<\/script>\n<!-- \/ Yoast SEO plugin. -->","yoast_head_json":{"title":"Estudios - Boa M\u00fasica","robots":{"index":"index","follow":"follow","max-snippet":"max-snippet:-1","max-image-preview":"max-image-preview:large","max-video-preview":"max-video-preview:-1"},"canonical":"https:\/\/boamusica.com\/MX\/estudios\/","og_locale":"es_MX","og_type":"article","og_title":"Estudios - Boa M\u00fasica","og_description":"Estudios Boa M\u00fasica Un elemento esencial de nuestra propuesta creativa Contacto Las oficinas de Boa M\u00fasica Brasil cuentan con un estudio de grabaci\u00f3n y escucha propio desde junio de 2023. Hemos proyectado un espacio similar en Madrid, que tambi\u00e9n ser\u00e1 fundamental para una estructura consagrada a propiciar y promover la creatividad de autores, socios y [&hellip;]","og_url":"https:\/\/boamusica.com\/MX\/estudios\/","og_site_name":"Boa M\u00fasica","article_modified_time":"2026-03-03T15:35:49+00:00","twitter_card":"summary_large_image","schema":{"@context":"https:\/\/schema.org","@graph":[{"@type":"WebPage","@id":"https:\/\/boamusica.com\/MX\/estudios\/","url":"https:\/\/boamusica.com\/MX\/estudios\/","name":"Estudios - Boa M\u00fasica","isPartOf":{"@id":"https:\/\/boamusica.com\/#website"},"datePublished":"2024-12-11T14:58:35+00:00","dateModified":"2026-03-03T15:35:49+00:00","breadcrumb":{"@id":"https:\/\/boamusica.com\/MX\/estudios\/#breadcrumb"},"inLanguage":"es-MX","potentialAction":[{"@type":"ReadAction","target":["https:\/\/boamusica.com\/MX\/estudios\/"]}]},{"@type":"BreadcrumbList","@id":"https:\/\/boamusica.com\/MX\/estudios\/#breadcrumb","itemListElement":[{"@type":"ListItem","position":1,"name":"Portada","item":"https:\/\/boamusica.com\/MX\/"},{"@type":"ListItem","position":2,"name":"Estudios"}]},{"@type":"WebSite","@id":"https:\/\/boamusica.com\/#website","url":"https:\/\/boamusica.com\/","name":"Boa M\u00fasica","description":"Un proyecto editorial \u00e9tico y centrado en las personas. Gestionamos derechos de autor de forma integral.","publisher":{"@id":"https:\/\/boamusica.com\/#organization"},"potentialAction":[{"@type":"SearchAction","target":{"@type":"EntryPoint","urlTemplate":"https:\/\/boamusica.com\/?s={search_term_string}"},"query-input":{"@type":"PropertyValueSpecification","valueRequired":true,"valueName":"search_term_string"}}],"inLanguage":"es-MX"},{"@type":"Organization","@id":"https:\/\/boamusica.com\/#organization","name":"Boa M\u00fasica","url":"https:\/\/boamusica.com\/","logo":{"@type":"ImageObject","inLanguage":"es-MX","@id":"https:\/\/boamusica.com\/#\/schema\/logo\/image\/","url":"https:\/\/boamusica.com\/wp-content\/uploads\/2024\/05\/logo-boa-musica.webp","contentUrl":"https:\/\/boamusica.com\/wp-content\/uploads\/2024\/05\/logo-boa-musica.webp","width":398,"height":198,"caption":"Boa M\u00fasica"},"image":{"@id":"https:\/\/boamusica.com\/#\/schema\/logo\/image\/"}}]}},"_links":{"self":[{"href":"https:\/\/boamusica.com\/MX\/wp-json\/wp\/v2\/pages\/8664","targetHints":{"allow":["GET"]}}],"collection":[{"href":"https:\/\/boamusica.com\/MX\/wp-json\/wp\/v2\/pages"}],"about":[{"href":"https:\/\/boamusica.com\/MX\/wp-json\/wp\/v2\/types\/page"}],"author":[{"embeddable":true,"href":"https:\/\/boamusica.com\/MX\/wp-json\/wp\/v2\/users\/2"}],"replies":[{"embeddable":true,"href":"https:\/\/boamusica.com\/MX\/wp-json\/wp\/v2\/comments?post=8664"}],"version-history":[{"count":1,"href":"https:\/\/boamusica.com\/MX\/wp-json\/wp\/v2\/pages\/8664\/revisions"}],"predecessor-version":[{"id":8674,"href":"https:\/\/boamusica.com\/MX\/wp-json\/wp\/v2\/pages\/8664\/revisions\/8674"}],"wp:attachment":[{"href":"https:\/\/boamusica.com\/MX\/wp-json\/wp\/v2\/media?parent=8664"}],"curies":[{"name":"wp","href":"https:\/\/api.w.org\/{rel}","templated":true}]}}