{"id":8668,"date":"2024-05-28T16:00:37","date_gmt":"2024-05-28T14:00:37","guid":{"rendered":"https:\/\/boamusica.com\/?page_id=8668"},"modified":"2026-03-03T16:36:03","modified_gmt":"2026-03-03T15:36:03","slug":"politica-de-privacidad","status":"publish","type":"page","link":"https:\/\/boamusica.com\/MX\/politica-de-privacidad\/","title":{"rendered":"Pol\u00edtica de privacidad"},"content":{"rendered":"\t\t<div data-elementor-type=\"wp-page\" data-elementor-id=\"8668\" class=\"elementor elementor-8668 elementor-3\" data-elementor-post-type=\"page\">\n\t\t\t\t<div class=\"elementor-element elementor-element-4fdc1f81 e-flex e-con-boxed e-con e-parent\" data-id=\"4fdc1f81\" data-element_type=\"container\" data-e-type=\"container\">\n\t\t\t\t\t<div class=\"e-con-inner\">\n\t\t\t\t<div class=\"elementor-element elementor-element-d400ea7 elementor-invisible elementor-widget elementor-widget-heading\" data-id=\"d400ea7\" data-element_type=\"widget\" data-e-type=\"widget\" data-settings=\"{&quot;_animation&quot;:&quot;fadeInUp&quot;}\" data-widget_type=\"heading.default\">\n\t\t\t\t<div class=\"elementor-widget-container\">\n\t\t\t\t\t<h2 class=\"elementor-heading-title elementor-size-default\">Pol\u00edtica de privacidad<\/h2>\t\t\t\t<\/div>\n\t\t\t\t<\/div>\n\t\t\t\t<div class=\"elementor-element elementor-element-145e3c47 elementor-invisible elementor-widget elementor-widget-text-editor\" data-id=\"145e3c47\" data-element_type=\"widget\" data-e-type=\"widget\" data-settings=\"{&quot;_animation&quot;:&quot;fadeIn&quot;,&quot;_animation_delay&quot;:200}\" data-widget_type=\"text-editor.default\">\n\t\t\t\t<div class=\"elementor-widget-container\">\n\t\t\t\t\t\t\t\t\t<p><strong>\u00bfQui\u00e9n es el responsable del tratamiento de tus datos?<\/strong><\/p>\n<p>Titular: BOA M\u00daSICA EUROPA S.L.<br \/>Domicilio: C\/Hierro, 33, 28045, Madrid<br \/>CIF: CIF B-87854824<br \/>legal@boamusica.com<\/p>\n<p><br \/><strong>\u00bfCon qu\u00e9 finalidades vamos a tratar tus datos personales?<\/strong><\/p>\n<p>BOA M\u00daSICA EUROPA S.L. (en adelante, BOA M\u00daSICA) tratar\u00e1 los datos del Usuario de manera automatizada y\/o manual para las siguientes finalidades:<br \/>\u2013 Gestionar las solicitudes de registro recibidas a trav\u00e9s del Sitio Web.<br \/>\u2013 Analizar la actividad de navegaci\u00f3n del Usuario con la finalidad de mejorar nuestros servicios.<br \/>\u2013 Participar en concursos con los artistas.<br \/>\u2013 Recibir informaci\u00f3n sobre novedades de los artistas.<br \/>\u2013 Fines de marketing.<br \/>\u2013 Env\u00edo de newsletters.<br \/>\u2013 Env\u00edo de publicidad.<\/p>\n<p><br \/><strong>\u00bfCu\u00e1l es la legitimaci\u00f3n para el tratamiento de tus datos?<\/strong><\/p>\n<p>La base legal para el tratamiento de sus datos est\u00e1 fundada en la obtenci\u00f3n de su consentimiento de acuerdo con lo establecido en el art\u00edculo 6.1.a del Reglamento (UE) 679\/2016 tanto para participar en concursos con los artistas, recibir informaci\u00f3n sobre novedades de los artistas, fines de marketing, gesti\u00f3n de la solicitud de registro como para la solicitud de gesti\u00f3n de la informaci\u00f3n entendiendo su consentimiento mediante el bot\u00f3n de registro, as\u00ed como para la finalidad de an\u00e1lisis de navegaci\u00f3n, mediante la aceptaci\u00f3n de nuestra Pol\u00edtica de Cookies.<\/p>\n<p><br \/><strong>\u00bfA qu\u00e9 destinatarios le comunicaremos tus datos?<\/strong><\/p>\n<p>No vamos a compartir su informaci\u00f3n personal con nadie, excepto para el cumplimiento de una obligaci\u00f3n legal o en caso de que contemos con su autorizaci\u00f3n expresa. Tampoco utilizaremos sus datos personales con una finalidad diferente a la expresada en esta pol\u00edtica de privacidad y en los formularios de recogida de consentimiento. Por lo tanto, todas aquellas cesiones de datos que se efect\u00faen se har\u00e1n bajo el marco de protecci\u00f3n indicado por la Agencia Espa\u00f1ola de Protecci\u00f3n de Datos, o siempre y cuando est\u00e9n consentidas expresamente por el Usuario y a los pa\u00edses cuya seguridad y confidencialidad est\u00e9 garantizada.<\/p>\n<p><br \/><strong>\u00bfSe realizar\u00e1n transferencias internacionales de datos?<\/strong><\/p>\n<p>BOA M\u00daSICA no tiene previsto realizar transferencias internacionales de datos. En caso de ser necesarias, s\u00f3lo se realizar\u00e1n a entidades bajo la habilitaci\u00f3n del acuerdo, o a entidades que hayan demostrado que cumplen con el nivel de protecci\u00f3n y garant\u00edas de acuerdo con los par\u00e1metros y exigencias previstas en la normativa vigente en materia de protecci\u00f3n de datos, como el Reglamento Europeo, o cuando exista habilitaci\u00f3n legal para realizar la transferencia internacional.<\/p>\n<p><br \/><strong>\u00bfDurante qu\u00e9 plazo almacenaremos sus datos?<\/strong><\/p>\n<p>Trataremos sus datos, siempre y cuando sean necesarios para la finalidad para los que fueron recogidos mientras no revoque los consentimientos otorgados y durante el tiempo establecido por una obligaci\u00f3n legal.<\/p>\n<p><br \/><strong>\u00bfMe enviar\u00e1n comunicaciones y promociones comerciales?<\/strong><\/p>\n<p>La WEB no realiza pr\u00e1cticas de SPAM, por lo que no env\u00eda correos comerciales por v\u00eda electr\u00f3nica que no hayan sido previamente solicitados o autorizados por el Usuario. En consecuencia, en cada uno de los formularios existentes en la WEB, el Usuario tiene la posibilidad de dar su consentimiento expreso para recibir dicha informaci\u00f3n, con independencia de la informaci\u00f3n comercial puntualmente solicitada.<\/p>\n<p><br \/><strong>\u00bfCu\u00e1les son los derechos que puedes ejercer?<\/strong><\/p>\n<p>Una vez que, como Usuario de la WEB nos has facilitado tus datos personales, la legislaci\u00f3n vigente te permite como interesado de tus datos:<br \/>\u2022 Solicitar el acceso a los datos personales relativos al interesado, pudiendo conocer si estamos tratando tus datos de car\u00e1cter personal y acceder a tus datos personales.<br \/>\u2022 Solicitar la rectificaci\u00f3n de los datos en caso de que fuesen inexactos.<br \/>\u2022 Solicitar la supresi\u00f3n de tus datos en la medida en que ya no son necesarios para la finalidad que se comunic\u00f3, o en el caso de que ya no contemos con la legitimaci\u00f3n necesaria para continuar con tu tratamiento.<br \/>\u2022 Solicitar la limitaci\u00f3n de tu tratamiento, en algunos supuestos, por lo que podremos suspender el tratamiento temporalmente o que los conservemos m\u00e1s all\u00e1 del tiempo establecido cuando puedas necesitarlo.<br \/>\u2022 Oponerse al tratamiento de aquella informaci\u00f3n que nos has facilitado, salvo que existan motivos leg\u00edtimos imperiosos para que el tratamiento prevalezca.<br \/>\u2022 A revocar el consentimiento para cada finalidad espec\u00edfica, sin que ello afecte a la licitud del tratamiento basado en el consentimiento expreso.<br \/>\u2022 Solicitar la portabilidad de los datos, que le ser\u00e1n facilitados en un formato estructurado, de uso com\u00fan o lectura mec\u00e1nica. \u2022 A presentar una reclamaci\u00f3n ante la Agencia Espa\u00f1ola de Protecci\u00f3n de Datos o autoridad de control competente, si cree que no te hemos atendido correctamente.<\/p>\n<p><br \/><strong>\u00bfC\u00f3mo puede ejercer tus derechos?<\/strong><\/p>\n<p>Disponemos de formularios para el ejercicio de sus derechos, que puede solicitarnos v\u00eda email o mediante correo postal. Si lo prefiere, puede usar los formularios elaborados por la Agencia Espa\u00f1ola de Protecci\u00f3n de Datos o la autoridad competente. Estos formularios deben ir firmados electr\u00f3nicamente o ser acompa\u00f1ados de la fotocopia del DNI en vigor.<br \/>En el caso de representaci\u00f3n debe adjuntarnos copia del DNI vigente del representante junto con su solicitud.<br \/>Los formularios pueden ser presentados por correo postal a la direcci\u00f3n indicada en la presente pol\u00edtica, o enviando un mail a legal@boamusica.com.<\/p>\n<p><br \/><strong>\u00bfY si accede un menor de edad?<\/strong><\/p>\n<p>Con car\u00e1cter general, la WEB no tratar\u00e1 informaci\u00f3n personal, con conocimientos fehacientes, de menores de catorce (14) a\u00f1os. Para el caso de que la WEB llevando a cabo actividad alguna de control, descubra la recopilaci\u00f3n involuntaria de informaci\u00f3n respecto a menores de 14 a\u00f1os, llevar\u00e1 a cabo todas aquellas medidas necesarias que, como prestador de servicio y responsable de tratamiento, tiene obligaci\u00f3n de emprender y poder as\u00ed suprimir tal informaci\u00f3n, en la mayor brevedad posible, salvo en aquellos supuestos que, por raz\u00f3n de legislaci\u00f3n aplicable, sea necesario conservar.<br \/>De conformidad con lo establecido en el Reglamento Europeo de Protecci\u00f3n de Datos, los mayores de 14 a\u00f1os est\u00e1n legitimados para otorgar su consentimiento, excepto en aquellos casos en los que la ley exija para su prestaci\u00f3n la asistencia de los titulares de la patria potestad o tutela.<\/p>\n<p><br \/><strong>\u00bfQu\u00e9 medidas de seguridad aplicaremos?<\/strong><\/p>\n<p>Desde la WEB se garantiza el grado de protecci\u00f3n adecuado, adopt\u00e1ndose las medidas t\u00e9cnicas y organizativas necesarias para garantizar la seguridad y que legalmente resulten necesarias con el objeto de evitar su p\u00e9rdida, deterioro, extrav\u00edo o el acceso a terceros no autorizados de los datos de car\u00e1cter personal que se recaban aqu\u00ed, manteniendo de esta forma sus datos de forma confidencial. Para ello, aplicamos medidas de seguridad dise\u00f1adas a proteger tus datos, como HTTPS. Controlamos peri\u00f3dicamente nuestros sistemas para detectar posibles vulnerabilidades y ataques. No obstante, no podemos garantizar la completa seguridad de la informaci\u00f3n que nos env\u00edes si se produce una filtraci\u00f3n en alguna de nuestras medidas de seguridad f\u00edsicas, t\u00e9cnicas o de gesti\u00f3n.<\/p>\n<p><br \/><strong>\u00bfSe pueden producir cambios en la pol\u00edtica de privacidad?<\/strong><\/p>\n<p>La WEB se reserva el derecho a modificar la presente pol\u00edtica para adaptarla a novedades legislativas o jurisprudenciales, as\u00ed como a pr\u00e1cticas de la industria. En dichos supuestos, el Prestador anunciar\u00e1 en esta p\u00e1gina los cambios introducidos con razonable antelaci\u00f3n a su puesta en pr\u00e1ctica.<\/p>\n<p>\u00a0<\/p>\t\t\t\t\t\t\t\t<\/div>\n\t\t\t\t<\/div>\n\t\t\t\t\t<\/div>\n\t\t\t\t<\/div>\n\t\t\t\t<\/div>\n\t\t","protected":false},"excerpt":{"rendered":"<p>\u00bfQui\u00e9n es el responsable del tratamiento de tus datos? Titular: BOA M\u00daSICA EUROPA S.L. Domicilio: C\/Hierro, 33, 28045, Madrid CIF: CIF B-87854824 legal@boamusica.com \u00bfCon qu\u00e9 finalidades vamos a tratar tus datos personales? BOA M\u00daSICA EUROPA S.L. (en adelante, BOA M\u00daSICA) tratar\u00e1 los datos del Usuario de manera automatizada y\/o manual para las siguientes finalidades: \u2013 [&hellip;]<\/p>\n","protected":false},"author":2,"featured_media":0,"parent":0,"menu_order":0,"comment_status":"closed","ping_status":"closed","template":"","meta":{"_acf_changed":false,"footnotes":""},"class_list":["post-8668","page","type-page","status-publish","hentry"],"acf":[],"yoast_head":"<!-- This site is optimized with the Yoast SEO plugin v27.5 - https:\/\/yoast.com\/product\/yoast-seo-wordpress\/ -->\n<title>Pol\u00edtica de privacidad - Boa M\u00fasica<\/title>\n<meta name=\"robots\" content=\"index, follow, max-snippet:-1, max-image-preview:large, max-video-preview:-1\" \/>\n<link rel=\"canonical\" href=\"https:\/\/boamusica.com\/MX\/politica-de-privacidad\/\" \/>\n<meta property=\"og:locale\" content=\"es_MX\" \/>\n<meta property=\"og:type\" content=\"article\" \/>\n<meta property=\"og:title\" content=\"Pol\u00edtica de privacidad - Boa M\u00fasica\" \/>\n<meta property=\"og:description\" content=\"\u00bfQui\u00e9n es el responsable del tratamiento de tus datos? Titular: BOA M\u00daSICA EUROPA S.L. Domicilio: C\/Hierro, 33, 28045, Madrid CIF: CIF B-87854824 legal@boamusica.com \u00bfCon qu\u00e9 finalidades vamos a tratar tus datos personales? BOA M\u00daSICA EUROPA S.L. (en adelante, BOA M\u00daSICA) tratar\u00e1 los datos del Usuario de manera automatizada y\/o manual para las siguientes finalidades: \u2013 [&hellip;]\" \/>\n<meta property=\"og:url\" content=\"https:\/\/boamusica.com\/MX\/politica-de-privacidad\/\" \/>\n<meta property=\"og:site_name\" content=\"Boa M\u00fasica\" \/>\n<meta property=\"article:modified_time\" content=\"2026-03-03T15:36:03+00:00\" \/>\n<meta name=\"twitter:card\" content=\"summary_large_image\" \/>\n<script type=\"application\/ld+json\" class=\"yoast-schema-graph\">{\"@context\":\"https:\\\/\\\/schema.org\",\"@graph\":[{\"@type\":\"WebPage\",\"@id\":\"https:\\\/\\\/boamusica.com\\\/MX\\\/politica-de-privacidad\\\/\",\"url\":\"https:\\\/\\\/boamusica.com\\\/MX\\\/politica-de-privacidad\\\/\",\"name\":\"Pol\u00edtica de privacidad - Boa M\u00fasica\",\"isPartOf\":{\"@id\":\"https:\\\/\\\/boamusica.com\\\/#website\"},\"datePublished\":\"2024-05-28T14:00:37+00:00\",\"dateModified\":\"2026-03-03T15:36:03+00:00\",\"breadcrumb\":{\"@id\":\"https:\\\/\\\/boamusica.com\\\/MX\\\/politica-de-privacidad\\\/#breadcrumb\"},\"inLanguage\":\"es-MX\",\"potentialAction\":[{\"@type\":\"ReadAction\",\"target\":[\"https:\\\/\\\/boamusica.com\\\/MX\\\/politica-de-privacidad\\\/\"]}]},{\"@type\":\"BreadcrumbList\",\"@id\":\"https:\\\/\\\/boamusica.com\\\/MX\\\/politica-de-privacidad\\\/#breadcrumb\",\"itemListElement\":[{\"@type\":\"ListItem\",\"position\":1,\"name\":\"Portada\",\"item\":\"https:\\\/\\\/boamusica.com\\\/MX\\\/\"},{\"@type\":\"ListItem\",\"position\":2,\"name\":\"Pol\u00edtica de privacidad\"}]},{\"@type\":\"WebSite\",\"@id\":\"https:\\\/\\\/boamusica.com\\\/#website\",\"url\":\"https:\\\/\\\/boamusica.com\\\/\",\"name\":\"Boa M\u00fasica\",\"description\":\"Un proyecto editorial \u00e9tico y centrado en las personas. Gestionamos derechos de autor de forma integral.\",\"publisher\":{\"@id\":\"https:\\\/\\\/boamusica.com\\\/#organization\"},\"potentialAction\":[{\"@type\":\"SearchAction\",\"target\":{\"@type\":\"EntryPoint\",\"urlTemplate\":\"https:\\\/\\\/boamusica.com\\\/?s={search_term_string}\"},\"query-input\":{\"@type\":\"PropertyValueSpecification\",\"valueRequired\":true,\"valueName\":\"search_term_string\"}}],\"inLanguage\":\"es-MX\"},{\"@type\":\"Organization\",\"@id\":\"https:\\\/\\\/boamusica.com\\\/#organization\",\"name\":\"Boa M\u00fasica\",\"url\":\"https:\\\/\\\/boamusica.com\\\/\",\"logo\":{\"@type\":\"ImageObject\",\"inLanguage\":\"es-MX\",\"@id\":\"https:\\\/\\\/boamusica.com\\\/#\\\/schema\\\/logo\\\/image\\\/\",\"url\":\"https:\\\/\\\/boamusica.com\\\/wp-content\\\/uploads\\\/2024\\\/05\\\/logo-boa-musica.webp\",\"contentUrl\":\"https:\\\/\\\/boamusica.com\\\/wp-content\\\/uploads\\\/2024\\\/05\\\/logo-boa-musica.webp\",\"width\":398,\"height\":198,\"caption\":\"Boa M\u00fasica\"},\"image\":{\"@id\":\"https:\\\/\\\/boamusica.com\\\/#\\\/schema\\\/logo\\\/image\\\/\"}}]}<\/script>\n<!-- \/ Yoast SEO plugin. -->","yoast_head_json":{"title":"Pol\u00edtica de privacidad - Boa M\u00fasica","robots":{"index":"index","follow":"follow","max-snippet":"max-snippet:-1","max-image-preview":"max-image-preview:large","max-video-preview":"max-video-preview:-1"},"canonical":"https:\/\/boamusica.com\/MX\/politica-de-privacidad\/","og_locale":"es_MX","og_type":"article","og_title":"Pol\u00edtica de privacidad - Boa M\u00fasica","og_description":"\u00bfQui\u00e9n es el responsable del tratamiento de tus datos? Titular: BOA M\u00daSICA EUROPA S.L. Domicilio: C\/Hierro, 33, 28045, Madrid CIF: CIF B-87854824 legal@boamusica.com \u00bfCon qu\u00e9 finalidades vamos a tratar tus datos personales? BOA M\u00daSICA EUROPA S.L. (en adelante, BOA M\u00daSICA) tratar\u00e1 los datos del Usuario de manera automatizada y\/o manual para las siguientes finalidades: \u2013 [&hellip;]","og_url":"https:\/\/boamusica.com\/MX\/politica-de-privacidad\/","og_site_name":"Boa M\u00fasica","article_modified_time":"2026-03-03T15:36:03+00:00","twitter_card":"summary_large_image","schema":{"@context":"https:\/\/schema.org","@graph":[{"@type":"WebPage","@id":"https:\/\/boamusica.com\/MX\/politica-de-privacidad\/","url":"https:\/\/boamusica.com\/MX\/politica-de-privacidad\/","name":"Pol\u00edtica de privacidad - Boa M\u00fasica","isPartOf":{"@id":"https:\/\/boamusica.com\/#website"},"datePublished":"2024-05-28T14:00:37+00:00","dateModified":"2026-03-03T15:36:03+00:00","breadcrumb":{"@id":"https:\/\/boamusica.com\/MX\/politica-de-privacidad\/#breadcrumb"},"inLanguage":"es-MX","potentialAction":[{"@type":"ReadAction","target":["https:\/\/boamusica.com\/MX\/politica-de-privacidad\/"]}]},{"@type":"BreadcrumbList","@id":"https:\/\/boamusica.com\/MX\/politica-de-privacidad\/#breadcrumb","itemListElement":[{"@type":"ListItem","position":1,"name":"Portada","item":"https:\/\/boamusica.com\/MX\/"},{"@type":"ListItem","position":2,"name":"Pol\u00edtica de privacidad"}]},{"@type":"WebSite","@id":"https:\/\/boamusica.com\/#website","url":"https:\/\/boamusica.com\/","name":"Boa M\u00fasica","description":"Un proyecto editorial \u00e9tico y centrado en las personas. Gestionamos derechos de autor de forma integral.","publisher":{"@id":"https:\/\/boamusica.com\/#organization"},"potentialAction":[{"@type":"SearchAction","target":{"@type":"EntryPoint","urlTemplate":"https:\/\/boamusica.com\/?s={search_term_string}"},"query-input":{"@type":"PropertyValueSpecification","valueRequired":true,"valueName":"search_term_string"}}],"inLanguage":"es-MX"},{"@type":"Organization","@id":"https:\/\/boamusica.com\/#organization","name":"Boa M\u00fasica","url":"https:\/\/boamusica.com\/","logo":{"@type":"ImageObject","inLanguage":"es-MX","@id":"https:\/\/boamusica.com\/#\/schema\/logo\/image\/","url":"https:\/\/boamusica.com\/wp-content\/uploads\/2024\/05\/logo-boa-musica.webp","contentUrl":"https:\/\/boamusica.com\/wp-content\/uploads\/2024\/05\/logo-boa-musica.webp","width":398,"height":198,"caption":"Boa M\u00fasica"},"image":{"@id":"https:\/\/boamusica.com\/#\/schema\/logo\/image\/"}}]}},"_links":{"self":[{"href":"https:\/\/boamusica.com\/MX\/wp-json\/wp\/v2\/pages\/8668","targetHints":{"allow":["GET"]}}],"collection":[{"href":"https:\/\/boamusica.com\/MX\/wp-json\/wp\/v2\/pages"}],"about":[{"href":"https:\/\/boamusica.com\/MX\/wp-json\/wp\/v2\/types\/page"}],"author":[{"embeddable":true,"href":"https:\/\/boamusica.com\/MX\/wp-json\/wp\/v2\/users\/2"}],"replies":[{"embeddable":true,"href":"https:\/\/boamusica.com\/MX\/wp-json\/wp\/v2\/comments?post=8668"}],"version-history":[{"count":1,"href":"https:\/\/boamusica.com\/MX\/wp-json\/wp\/v2\/pages\/8668\/revisions"}],"predecessor-version":[{"id":8678,"href":"https:\/\/boamusica.com\/MX\/wp-json\/wp\/v2\/pages\/8668\/revisions\/8678"}],"wp:attachment":[{"href":"https:\/\/boamusica.com\/MX\/wp-json\/wp\/v2\/media?parent=8668"}],"curies":[{"name":"wp","href":"https:\/\/api.w.org\/{rel}","templated":true}]}}